{"id":446,"date":"2016-02-13T16:20:15","date_gmt":"2016-02-13T16:20:15","guid":{"rendered":"http:\/\/melide.x10host.com\/?page_id=446"},"modified":"2018-10-19T12:56:17","modified_gmt":"2018-10-19T12:56:17","slug":"gruppo-ricreativo","status":"publish","type":"page","link":"https:\/\/corpopompierimelide.ch\/wordpress\/gruppo-ricreativo\/","title":{"rendered":"Gruppo ricreativo"},"content":{"rendered":"<div class=\"wpb-content-wrapper\"><p>[vc_row][vc_column][vc_raw_html]JTIwJTIwJTIwJTIwJTIwJTIwJTIwJTIwJTIwJTIwJTIwJTIwJTIwJTNDaGVhZGVyJTIwY2xhc3MlM0QlMjJoZWFkaW5nJTIwdGV4dC1jZW50ZXIlMjBhbmltYXRlZCUyMiUyMGRhdGEtYW5pbWF0aW9uJTNEJTIyZmxpcEluWCUyMiUyMGRhdGEtZGVsYXklM0QlMjIwJTIyJTIwc3R5bGUlM0QlMjIlMjBtYXJnaW4tdG9wJTNBJTIwNDBweCUzQiUyMiUzRSUyMCUwQSUyMCUyMCUyMCUyMCUyMCUyMCUyMCUyMCUyMCUyMCUyMCUyMCUzQ2gyJTNFR3J1cHBvJTIwcmljcmVhdGl2byUzQyUyRmgyJTNFJTBBJTIwJTIwJTIwJTIwJTIwJTIwJTIwJTIwJTIwJTIwJTIwJTIwJTNDJTJGaGVhZGVyJTNFJTBBJTIwJTIwJTIwJTIwJTIwJTIwJTIwJTIwJTIwJTIwJTIwJTIwJTNDcCUyMGNsYXNzJTNEJTIydGV4dC1jZW50ZXIlMjBhbmltYXRlZCUyMGNvbC1zbS04JTIyJTIwJTIwc3R5bGUlM0QlMjJtYXJnaW4tbGVmdCUzQTE3JTI1JTNCdGV4dC1hbGlnbiUzQSUyMGp1c3RpZnklM0IlMjIlMjBkYXRhLWFuaW1hdGlvbiUzRCUyMmZsaXBJblglMjIlMjBkYXRhLWRlbGF5JTNEJTIyMjAwJTIyJTNFSWwlMjBHcnVwcG8lMjBSaWNyZWF0aXZvJTIwUG9tcGllcmklMjBNZWxpZGUlMjAlQzMlQTglMjBzdGF0byUyMGZvbmRhdG8lMjBuZWwlMjAyMDA5JTIwZGElMjBwb21waWVyaSUyMGF0dGl2aSUyMGVkJTIwZXglMjBwb21waWVyaSUyMGRlbCUyMENvcnBvJTIwcG9tcGllcmklMjBkaSUyME1lbGlkZS4lMjBMbyUyMHNjb3BvJTIwZGVsbCUyN2Fzc29jaWF6aW9uZSUyMCVDMyVBOCUyMHF1ZWxsYSUyMGRpJTIwcHJvbXVvdmVyZSUyMGF0dGl2aXQlQzMlQTAlMjByaWNyZWF0aXZlJTIwYWxsJTI3aW50ZXJubyUyMGUlMjBhbGwlMjdlc3Rlcm5vJTIwZGVsJTIwQ29ycG8lMkMlMjBtYSUyMGFuY2hlJTIwZGklMjBlZmZldHR1YXJuZSUyMGFsdHJlJTIwYSUyMHNjb3BvJTIwZGklMjBiZW5lZmljaWVuemEuJTIwVW5hJTIwZGVsbGUlMjBhdHRpdml0JUMzJUEwJTIwcHJpbmNpcGFsaSUyMGRlbGwlMjdBc3NvY2lhemlvbmUlMjAlQzMlQTglMjBsYSUyMG1lc3NhJTIwYSUyMGRpc3Bvc2l6aW9uZSUyMCUyOGElMjBjaGklMjBuZSUyMGZhJTIwcmljaGllc3RhJTI5JTIwZGVsJTIwVmlsbGFnZ2lvJTIwMTE4JTJDJTIwbmF0byUyMGRhJTIwdW4lMjdpbml6aWF0aXZhJTIwZGklMjBwcm9tb3ppb25lJTIwZGVsbCUyN2F0dGl2aXQlQzMlQTAlMjBwb21waWVyaXN0aWNhJTIwcml2b2x0YSUyMGluJTIwcGFydGljb2xhcmUlMjBhaSUyMGJhbWJpbmkuJTIwSWwlMjBWaWxsYWdnaW8lMjAxMTglMjAlQzMlQTglMjB1biUyMHBlcmNvcnNvJTIwZGlkYXR0aWNvJTIwY3JlYXRvJTIwcGVyJTIwZmFyJTIwY29ub3NjZXJlJTJDJTIwaW4lMjBtb2RvJTIwbHVkaWNvJTJDJTIwbGUlMjBhdHRpdml0JUMzJUEwJTIwcG9tcGllcmlzdGljaGUuJTIwRSVFMiU4MCU5OSUyMHVuJTIwcGVyY29yc28lMjBkaXZlcnRlbnRlJTIwZSUyMHNwZW5zaWVyYXRvJTIwY2hlJTIwaSUyMGJhbWJpbmklMjBwb3Nzb25vJTIwZXNlZ3VpcmUuJTIwTG8lMjBzdGVzc28lMjBhdnZpZW5lJTIwc290dG8lMjBsJTI3b2NjaGlvJTIwdmlnaWxlJTIwZGVpJTIwcG9tcGllcmklMjBjaGUlMjBnYXJhbnRpc2Nvbm8lMjBsYSUyMHNpY3VyZXp6YSUyMGRlaSUyMGJhbWJpbmkuJTIwSWwlMjBDb21pdGF0byUyMCVDMyVBOCUyMGNvbXBvc3RvJTIwZGElM0ElMjBWYW5vc3NpJTIwRmlvcmVsbG8lMjAlMjhQcmVzaWRlbnRlJTI5JTJDJTIwUml2YSUyMEx1YW5hJTIwJTI4U2VncmV0YXJpYSUyOSUyQyUyMFZhbHNhbmdpYWNvbW8lMjBNYXJhJTIwJTI4Q2Fzc2llcmElMjklMjBGYXVzdGluZWxsaSUyMEZhdXN0byUyQyUyMExvdHQlMjBTaW1vbmUlMkMlMjBSaXZhJTIwU2VyZ2lvJTIwZSUyMEdpdWxpbyUyMERlbGxhJTIwRmF2ZXJhLlZpbGxhZ2dpbyUyMDExOCUzQSUyMGNvbmRpemlvbmklMjBxdWFkcm8lMjBwZXIlMjBsYSUyMHJpY2hpZXN0YSUzQSUyMElsJTIwY29zdG8lMjBkZWxsJTI3aW5mcmFzdHJ1dHR1cmElMjAlQzMlQTglMjBkYSUyMHZlcnNhcmUlMjBpbiUyMGNvbnRhbnRpLiUyMElsJTIwcHJlenpvJTIwJUMzJUE4JTIwY29tcHJlbnNpdm8lMjBkZWwlMjB0cmFzcG9ydG8lMkMlMjBtb250YWdnaW8lMjBlJTIwc21vbnRhZ2dpbyUyMGdpb2NoaSUyQyUyMHVzbyUyMGluZnJhc3RydXR0dXJlJTJDJTIwY29uc2VnbmElMjBkaXBsb21pJTIwYWklMjBiYW1iaW5pLiUyMExhJTIwbm9zdHJhJTIwcHJlc2VuemElMjAlQzMlQTglMjByYXBwcmVzZW50YXRhJTIwZGklMjByZWdvbGElMjBkYSUyMHVuYSUyMGRlY2luYSUyMGRpJTIwbWlsaXRpLiUyMElsJTIwdmlsbGFnZ2lvJTIwZ2lvY2hpJTIwJUMzJUE4JTIwaW4lMjBnZW5lcmUlMjBvcGVyYXRpdm8lMjBkYWxsZSUyMG9yZSUyMDEwLjAwJTIwYWxsZSUyMG9yZSUyMDE2LjAwJTIwY2lyY2ElMjAlMjh0ZW1wbyUyMGRpJTIwbW9udGFnZ2lvJTIwY2lyY2ElMjAxJTJDMSUyRjIlMjBvcmUlMkMlMjBjb3MlQzMlQUMlMjBjb21lJTIwbG8lMjBzbW9udGFnZ2lvJTIwZWQlMjBpbCUyMHJpcHJpc3Rpbm8lMjkuJTIwUGVyJTIwbCVFMiU4MCU5OWFsbGVzdGltZW50byUyMGRlbCUyMHZpbGxhZ2dpbyUyMGdpb2NoaSUyMGNpJTIwb2Njb3JyZSUyMHVubyUyMHNwYXppbyUyMGRpJTIwYWxtZW5vJTIwMzAwJTIwbXEuJTIwTCVFMiU4MCU5OWFyZWElMjBkb3ZyJUMzJUEwJTIwZXNzZXJlJTIwZGVsaW1pdGF0YSUyMGRhJTIwdHJhbnNlbm5lJTIwbyUyMGFsdHJvLiUyMFBlciUyMGlsJTIwZnVuemlvbmFtZW50byUyMGRlbCUyMHZpbGxhZ2dpbyUyMGdpb2NoaSUyMG9jY29ycm9ubyUzQSUyMHVuYSUyMHByZXNhJTIwZGklMjBjb3JyZW50ZSUyMGRpJTIwMjIwdyUyQyUyMHVuYSUyMHByZXNhJTIwZCVFMiU4MCU5OWFjcXVhJTJDJTIwdW4lMjB0YXZvbG8lMjBjb24lMjBwYW5jYSUyMGVkJTIwZXZlbnR1YWxtZW50ZSUyMHVuJTIwZ2F6ZWJvLiUyMElsJTIwdmlsbGFnZ2lvJTIwMTE4JTIwJUMzJUE4JTIwYSUyMGRpc3Bvc2l6aW9uZSUyMGRpJTIwdHV0dGklMjBpJTIwYmFtYmluaS4lMjBJbCUyMHZpbGxhZ2dpbyUyMDExOCUyMHZpZW5lJTIwbW9udGF0byUyMHVuaWNhbWVudGUlMjBjb24lMjBpbCUyMGJlbCUyMHRlbXBvLiUzQyUyRnAlM0UlMEElMjAlMjAlMjAlMjA=[\/vc_raw_html][\/vc_column][\/vc_row][vc_row][vc_column]\t\r\n\t<div class=\"section\">\r\n        <div class=\"container\">\r\n            <!-- <header class=\"heading text-center animated\" data-animation=\"flipInX\" data-delay=\"0\"> -->\r\n            <!--<h2>Gruppo ricreativo<\/h2>-->\r\n            <!--<\/header>-->\r\n            <!--<p class=\"text-center margn-btm-80 animated\" data-animation=\"flipInX\" data-delay=\"200\">Il Gruppo Ricreativo Pompieri Melide \u00e8 stato fondato nel 2009 da pompieri attivi ed ex pompieri del Corpo pompieri di Melide. Lo scopo dell'associazione \u00e8 quella di promuovere attivit\u00e0 ricreative all'interno e all'esterno del Corpo, ma anche di effettuarne altre a scopo di beneficienza. Una delle attivit\u00e0 principali dell'Associazione \u00e8 la messa a disposizione (a chi ne fa richiesta) del Villaggio 118, nato da un'iniziativa di promozione dell'attivit\u00e0 pompieristica rivolta in particolare ai bambini. Il Villaggio 118 \u00e8 un percorso didattico creato per far conoscere, in modo ludico, le attivit\u00e0 pompieristiche. E\u2019 un percorso divertente e spensierato che i bambini possono eseguire. Lo stesso avviene sotto l'occhio vigile dei pompieri che garantiscono la sicurezza dei bambini. Il Comitato \u00e8 composto da: Vanossi Fiorello (Presidente), Morosi Luana (Segretaria), Valsangiacomo Mara (Cassiera) Faustinelli Fausto, Lott Simone, Riva Sergio e Giulio Della Favera.Villaggio 118: condizioni quadro per la richiesta: Il costo dell'infrastruttura \u00e8 da versare in contanti. Il prezzo \u00e8 comprensivo del trasporto, montaggio e smontaggio giochi, uso infrastrutture, consegna diplomi ai bambini. La nostra presenza \u00e8 rappresentata di regola da una decina di militi. Il villaggio giochi \u00e8 in genere operativo dalle ore 10.00 alle ore 16.00 circa (tempo di montaggio circa 1,1\/2 ore, cos\u00ec come lo smontaggio ed il ripristino). Per l\u2019allestimento del villaggio giochi ci occorre uno spazio di almeno 300 mq. L\u2019area dovr\u00e0 essere delimitata da transenne o altro. Per il funzionamento del villaggio giochi occorrono: \uf0f1 una presa di corrente di 220w \uf0f1 una presa d\u2019acqua \uf0f1 un tavolo con panca ed eventualmente un gazebo. Il villaggio 118 \u00e8 a disposizione di tutti i bambini. Il villaggio 118 viene montato unicamente con il bel tempo.<\/p>-->\r\n            <div class=\"gallery grid-4\">\r\n                <ul>\r\n\t\t\t\t\r\n\t\t\t\t\t\t\t\t\r\n                    <li class=\"animated\" data-animation=\"fadeInUp\" data-delay=\"0\">\r\n                        <div class=\"image-box\">\r\n                            <figure class=\"image\"> \r\n\t\t\t\t\t\t\t  <img loading=\"lazy\" decoding=\"async\" width=\"253\" height=\"310\" src=\"https:\/\/corpopompierimelide.ch\/wordpress\/wp-content\/uploads\/2016\/04\/Immagine-0121-253x310.jpg\" class=\"gal\" alt=\"\" \/>                                <figcaption> \r\n\t\t\t\t\t\t\t\t\t<a title=\"Popup image\" data-rel=\"prettyPhoto\" href=\"http:\/\/corpopompierimelide.ch\/wordpress\/wp-content\/uploads\/2016\/04\/Immagine-0121.jpg\" class=\"image-zoom\">\r\n\t\t\t\t\t\t\t\t\t\t<i class=\"glyphicon glyphicon-zoom-in\"><\/i>\r\n\t\t\t\t\t\t\t\t\t<\/a> \r\n\t\t\t\t\t\t\t\t\t<a href=\"https:\/\/corpopompierimelide.ch\/wordpress\/sh_gallery\/grupporicreativo\/\" class=\"image-anchor\">\r\n\t\t\t\t\t\t\t\t\t\t<i class=\"glyphicon glyphicon-link\"><\/i>\r\n\t\t\t\t\t\t\t\t\t<\/a> \r\n\t\t\t\t\t\t\t\t<\/figcaption>\r\n                            <\/figure>\r\n                        <\/div>\r\n                    <\/li>\r\n\t\t\t\t\t\r\n\t\t\t\t\t\t\t\t\r\n                    <li class=\"animated\" data-animation=\"fadeInUp\" data-delay=\"200\">\r\n                        <div class=\"image-box\">\r\n                            <figure class=\"image\"> \r\n\t\t\t\t\t\t\t  <img loading=\"lazy\" decoding=\"async\" width=\"253\" height=\"310\" src=\"https:\/\/corpopompierimelide.ch\/wordpress\/wp-content\/uploads\/2016\/04\/Immagine-0191-253x310.jpg\" class=\"gal\" alt=\"\" \/>                                <figcaption> \r\n\t\t\t\t\t\t\t\t\t<a title=\"Popup image\" data-rel=\"prettyPhoto\" href=\"http:\/\/corpopompierimelide.ch\/wordpress\/wp-content\/uploads\/2016\/04\/Immagine-0191.jpg\" class=\"image-zoom\">\r\n\t\t\t\t\t\t\t\t\t\t<i class=\"glyphicon glyphicon-zoom-in\"><\/i>\r\n\t\t\t\t\t\t\t\t\t<\/a> \r\n\t\t\t\t\t\t\t\t\t<a href=\"https:\/\/corpopompierimelide.ch\/wordpress\/sh_gallery\/grupporicreativo\/\" class=\"image-anchor\">\r\n\t\t\t\t\t\t\t\t\t\t<i class=\"glyphicon glyphicon-link\"><\/i>\r\n\t\t\t\t\t\t\t\t\t<\/a> \r\n\t\t\t\t\t\t\t\t<\/figcaption>\r\n                            <\/figure>\r\n                        <\/div>\r\n                    <\/li>\r\n\t\t\t\t\t\r\n\t\t\t\t\t\t\t\t\r\n                    <li class=\"animated\" data-animation=\"fadeInUp\" data-delay=\"400\">\r\n                        <div class=\"image-box\">\r\n                            <figure class=\"image\"> \r\n\t\t\t\t\t\t\t  <img loading=\"lazy\" decoding=\"async\" width=\"253\" height=\"310\" src=\"https:\/\/corpopompierimelide.ch\/wordpress\/wp-content\/uploads\/2016\/04\/20150530_133428-253x310.jpg\" class=\"gal\" alt=\"\" \/>                                <figcaption> \r\n\t\t\t\t\t\t\t\t\t<a title=\"Popup image\" data-rel=\"prettyPhoto\" href=\"http:\/\/corpopompierimelide.ch\/wordpress\/wp-content\/uploads\/2016\/04\/20150530_133428.jpg\" class=\"image-zoom\">\r\n\t\t\t\t\t\t\t\t\t\t<i class=\"glyphicon glyphicon-zoom-in\"><\/i>\r\n\t\t\t\t\t\t\t\t\t<\/a> \r\n\t\t\t\t\t\t\t\t\t<a href=\"https:\/\/corpopompierimelide.ch\/wordpress\/sh_gallery\/grupporicreativo\/\" class=\"image-anchor\">\r\n\t\t\t\t\t\t\t\t\t\t<i class=\"glyphicon glyphicon-link\"><\/i>\r\n\t\t\t\t\t\t\t\t\t<\/a> \r\n\t\t\t\t\t\t\t\t<\/figcaption>\r\n                            <\/figure>\r\n                        <\/div>\r\n                    <\/li>\r\n\t\t\t\t\t\r\n\t\t\t\t\t\t\t\t\r\n                    <li class=\"animated\" data-animation=\"fadeInUp\" data-delay=\"600\">\r\n                        <div class=\"image-box\">\r\n                            <figure class=\"image\"> \r\n\t\t\t\t\t\t\t  <img loading=\"lazy\" decoding=\"async\" width=\"253\" height=\"310\" src=\"https:\/\/corpopompierimelide.ch\/wordpress\/wp-content\/uploads\/2016\/04\/Immagine-0111-253x310.jpg\" class=\"gal\" alt=\"\" \/>                                <figcaption> \r\n\t\t\t\t\t\t\t\t\t<a title=\"Popup image\" data-rel=\"prettyPhoto\" href=\"http:\/\/corpopompierimelide.ch\/wordpress\/wp-content\/uploads\/2016\/04\/Immagine-0111.jpg\" class=\"image-zoom\">\r\n\t\t\t\t\t\t\t\t\t\t<i class=\"glyphicon glyphicon-zoom-in\"><\/i>\r\n\t\t\t\t\t\t\t\t\t<\/a> \r\n\t\t\t\t\t\t\t\t\t<a href=\"https:\/\/corpopompierimelide.ch\/wordpress\/sh_gallery\/grupporicreativo\/\" class=\"image-anchor\">\r\n\t\t\t\t\t\t\t\t\t\t<i class=\"glyphicon glyphicon-link\"><\/i>\r\n\t\t\t\t\t\t\t\t\t<\/a> \r\n\t\t\t\t\t\t\t\t<\/figcaption>\r\n                            <\/figure>\r\n                        <\/div>\r\n                    <\/li>\r\n\t\t\t\t\t\r\n\t\t\t\t                <\/ul>\r\n            <\/div>\r\n        <\/div>\r\n    <\/div>\r\n[\/vc_column][\/vc_row]<\/p>\n<\/div>","protected":false},"excerpt":{"rendered":"<p>[vc_row][vc_column][vc_raw_html]JTIwJTIwJTIwJTIwJTIwJTIwJTIwJTIwJTIwJTIwJTIwJTIwJTIwJTNDaGVhZGVyJTIwY2xhc3MlM0QlMjJoZWFkaW5nJTIwdGV4dC1jZW50ZXIlMjBhbmltYXRlZCUyMiUyMGRhdGEtYW5pbWF0aW9uJTNEJTIyZmxpcEluWCUyMiUyMGRhdGEtZGVsYXklM0QlMjIwJTIyJTIwc3R5bGUlM0QlMjIlMjBtYXJnaW4tdG9wJTNBJTIwNDBweCUzQiUyMiUzRSUyMCUwQSUyMCUyMCUyMCUyMCUyMCUyMCUyMCUyMCUyMCUyMCUyMCUyMCUzQ2gyJTNFR3J1cHBvJTIwcmljcmVhdGl2byUzQyUyRmgyJTNFJTBBJTIwJTIwJTIwJTIwJTIwJTIwJTIwJTIwJTIwJTIwJTIwJTIwJTNDJTJGaGVhZGVyJTNFJTBBJTIwJTIwJTIwJTIwJTIwJTIwJTIwJTIwJTIwJTIwJTIwJTIwJTNDcCUyMGNsYXNzJTNEJTIydGV4dC1jZW50ZXIlMjBhbmltYXRlZCUyMGNvbC1zbS04JTIyJTIwJTIwc3R5bGUlM0QlMjJtYXJnaW4tbGVmdCUzQTE3JTI1JTNCdGV4dC1hbGlnbiUzQSUyMGp1c3RpZnklM0IlMjIlMjBkYXRhLWFuaW1hdGlvbiUzRCUyMmZsaXBJblglMjIlMjBkYXRhLWRlbGF5JTNEJTIyMjAwJTIyJTNFSWwlMjBHcnVwcG8lMjBSaWNyZWF0aXZvJTIwUG9tcGllcmklMjBNZWxpZGUlMjAlQzMlQTglMjBzdGF0byUyMGZvbmRhdG8lMjBuZWwlMjAyMDA5JTIwZGElMjBwb21waWVyaSUyMGF0dGl2aSUyMGVkJTIwZXglMjBwb21waWVyaSUyMGRlbCUyMENvcnBvJTIwcG9tcGllcmklMjBkaSUyME1lbGlkZS4lMjBMbyUyMHNjb3BvJTIwZGVsbCUyN2Fzc29jaWF6aW9uZSUyMCVDMyVBOCUyMHF1ZWxsYSUyMGRpJTIwcHJvbXVvdmVyZSUyMGF0dGl2aXQlQzMlQTAlMjByaWNyZWF0aXZlJTIwYWxsJTI3aW50ZXJubyUyMGUlMjBhbGwlMjdlc3Rlcm5vJTIwZGVsJTIwQ29ycG8lMkMlMjBtYSUyMGFuY2hlJTIwZGklMjBlZmZldHR1YXJuZSUyMGFsdHJlJTIwYSUyMHNjb3BvJTIwZGklMjBiZW5lZmljaWVuemEuJTIwVW5hJTIwZGVsbGUlMjBhdHRpdml0JUMzJUEwJTIwcHJpbmNpcGFsaSUyMGRlbGwlMjdBc3NvY2lhemlvbmUlMjAlQzMlQTglMjBsYSUyMG1lc3NhJTIwYSUyMGRpc3Bvc2l6aW9uZSUyMCUyOGElMjBjaGklMjBuZSUyMGZhJTIwcmljaGllc3RhJTI5JTIwZGVsJTIwVmlsbGFnZ2lvJTIwMTE4JTJDJTIwbmF0byUyMGRhJTIwdW4lMjdpbml6aWF0aXZhJTIwZGklMjBwcm9tb3ppb25lJTIwZGVsbCUyN2F0dGl2aXQlQzMlQTAlMjBwb21waWVyaXN0aWNhJTIwcml2b2x0YSUyMGluJTIwcGFydGljb2xhcmUlMjBhaSUyMGJhbWJpbmkuJTIwSWwlMjBWaWxsYWdnaW8lMjAxMTglMjAlQzMlQTglMjB1biUyMHBlcmNvcnNvJTIwZGlkYXR0aWNvJTIwY3JlYXRvJTIwcGVyJTIwZmFyJTIwY29ub3NjZXJlJTJDJTIwaW4lMjBtb2RvJTIwbHVkaWNvJTJDJTIwbGUlMjBhdHRpdml0JUMzJUEwJTIwcG9tcGllcmlzdGljaGUuJTIwRSVFMiU4MCU5OSUyMHVuJTIwcGVyY29yc28lMjBkaXZlcnRlbnRlJTIwZSUyMHNwZW5zaWVyYXRvJTIwY2hlJTIwaSUyMGJhbWJpbmklMjBwb3Nzb25vJTIwZXNlZ3VpcmUuJTIwTG8lMjBzdGVzc28lMjBhdnZpZW5lJTIwc290dG8lMjBsJTI3b2NjaGlvJTIwdmlnaWxlJTIwZGVpJTIwcG9tcGllcmklMjBjaGUlMjBnYXJhbnRpc2Nvbm8lMjBsYSUyMHNpY3VyZXp6YSUyMGRlaSUyMGJhbWJpbmkuJTIwSWwlMjBDb21pdGF0byUyMCVDMyVBOCUyMGNvbXBvc3RvJTIwZGElM0ElMjBWYW5vc3NpJTIwRmlvcmVsbG8lMjAlMjhQcmVzaWRlbnRlJTI5JTJDJTIwUml2YSUyMEx1YW5hJTIwJTI4U2VncmV0YXJpYSUyOSUyQyUyMFZhbHNhbmdpYWNvbW8lMjBNYXJhJTIwJTI4Q2Fzc2llcmElMjklMjBGYXVzdGluZWxsaSUyMEZhdXN0byUyQyUyMExvdHQlMjBTaW1vbmUlMkMlMjBSaXZhJTIwU2VyZ2lvJTIwZSUyMEdpdWxpbyUyMERlbGxhJTIwRmF2ZXJhLlZpbGxhZ2dpbyUyMDExOCUzQSUyMGNvbmRpemlvbmklMjBxdWFkcm8lMjBwZXIlMjBsYSUyMHJpY2hpZXN0YSUzQSUyMElsJTIwY29zdG8lMjBkZWxsJTI3aW5mcmFzdHJ1dHR1cmElMjAlQzMlQTglMjBkYSUyMHZlcnNhcmUlMjBpbiUyMGNvbnRhbnRpLiUyMElsJTIwcHJlenpvJTIwJUMzJUE4JTIwY29tcHJlbnNpdm8lMjBkZWwlMjB0cmFzcG9ydG8lMkMlMjBtb250YWdnaW8lMjBlJTIwc21vbnRhZ2dpbyUyMGdpb2NoaSUyQyUyMHVzbyUyMGluZnJhc3RydXR0dXJlJTJDJTIwY29uc2VnbmElMjBkaXBsb21pJTIwYWklMjBiYW1iaW5pLiUyMExhJTIwbm9zdHJhJTIwcHJlc2VuemElMjAlQzMlQTglMjByYXBwcmVzZW50YXRhJTIwZGklMjByZWdvbGElMjBkYSUyMHVuYSUyMGRlY2luYSUyMGRpJTIwbWlsaXRpLiUyMElsJTIwdmlsbGFnZ2lvJTIwZ2lvY2hpJTIwJUMzJUE4JTIwaW4lMjBnZW5lcmUlMjBvcGVyYXRpdm8lMjBkYWxsZSUyMG9yZSUyMDEwLjAwJTIwYWxsZSUyMG9yZSUyMDE2LjAwJTIwY2lyY2ElMjAlMjh0ZW1wbyUyMGRpJTIwbW9udGFnZ2lvJTIwY2lyY2ElMjAxJTJDMSUyRjIlMjBvcmUlMkMlMjBjb3MlQzMlQUMlMjBjb21lJTIwbG8lMjBzbW9udGFnZ2lvJTIwZWQlMjBpbCUyMHJpcHJpc3Rpbm8lMjkuJTIwUGVyJTIwbCVFMiU4MCU5OWFsbGVzdGltZW50byUyMGRlbCUyMHZpbGxhZ2dpbyUyMGdpb2NoaSUyMGNpJTIwb2Njb3JyZSUyMHVubyUyMHNwYXppbyUyMGRpJTIwYWxtZW5vJTIwMzAwJTIwbXEuJTIwTCVFMiU4MCU5OWFyZWElMjBkb3ZyJUMzJUEwJTIwZXNzZXJlJTIwZGVsaW1pdGF0YSUyMGRhJTIwdHJhbnNlbm5lJTIwbyUyMGFsdHJvLiUyMFBlciUyMGlsJTIwZnVuemlvbmFtZW50byUyMGRlbCUyMHZpbGxhZ2dpbyUyMGdpb2NoaSUyMG9jY29ycm9ubyUzQSUyMHVuYSUyMHByZXNhJTIwZGklMjBjb3JyZW50ZSUyMGRpJTIwMjIwdyUyQyUyMHVuYSUyMHByZXNhJTIwZCVFMiU4MCU5OWFjcXVhJTJDJTIwdW4lMjB0YXZvbG8lMjBjb24lMjBwYW5jYSUyMGVkJTIwZXZlbnR1YWxtZW50ZSUyMHVuJTIwZ2F6ZWJvLiUyMElsJTIwdmlsbGFnZ2lvJTIwMTE4JTIwJUMzJUE4JTIwYSUyMGRpc3Bvc2l6aW9uZSUyMGRpJTIwdHV0dGklMjBpJTIwYmFtYmluaS4lMjBJbCUyMHZpbGxhZ2dpbyUyMDExOCUyMHZpZW5lJTIwbW9udGF0byUyMHVuaWNhbWVudGUlMjBjb24lMjBpbCUyMGJlbCUyMHRlbXBvLiUzQyUyRnAlM0UlMEElMjAlMjAlMjAlMjA=[\/vc_raw_html][\/vc_column][\/vc_row][vc_row][vc_column][\/vc_column][\/vc_row]<\/p>\n","protected":false},"author":2,"featured_media":0,"parent":0,"menu_order":0,"comment_status":"closed","ping_status":"closed","template":"tpl-vc.php","meta":{"footnotes":""},"class_list":["post-446","page","type-page","status-publish","hentry"],"_links":{"self":[{"href":"https:\/\/corpopompierimelide.ch\/wordpress\/wp-json\/wp\/v2\/pages\/446","targetHints":{"allow":["GET"]}}],"collection":[{"href":"https:\/\/corpopompierimelide.ch\/wordpress\/wp-json\/wp\/v2\/pages"}],"about":[{"href":"https:\/\/corpopompierimelide.ch\/wordpress\/wp-json\/wp\/v2\/types\/page"}],"author":[{"embeddable":true,"href":"https:\/\/corpopompierimelide.ch\/wordpress\/wp-json\/wp\/v2\/users\/2"}],"replies":[{"embeddable":true,"href":"https:\/\/corpopompierimelide.ch\/wordpress\/wp-json\/wp\/v2\/comments?post=446"}],"version-history":[{"count":5,"href":"https:\/\/corpopompierimelide.ch\/wordpress\/wp-json\/wp\/v2\/pages\/446\/revisions"}],"predecessor-version":[{"id":850,"href":"https:\/\/corpopompierimelide.ch\/wordpress\/wp-json\/wp\/v2\/pages\/446\/revisions\/850"}],"wp:attachment":[{"href":"https:\/\/corpopompierimelide.ch\/wordpress\/wp-json\/wp\/v2\/media?parent=446"}],"curies":[{"name":"wp","href":"https:\/\/api.w.org\/{rel}","templated":true}]}}