{"id":387,"date":"2016-02-13T08:42:41","date_gmt":"2016-02-13T08:42:41","guid":{"rendered":"http:\/\/melide.x10host.com\/?page_id=387"},"modified":"2016-04-11T18:51:58","modified_gmt":"2016-04-11T18:51:58","slug":"automezzi","status":"publish","type":"page","link":"https:\/\/corpopompierimelide.ch\/wordpress\/automezzi\/","title":{"rendered":"Automezzi"},"content":{"rendered":"<div class=\"wpb-content-wrapper\"><p>[vc_row][vc_column][vc_raw_html]JTNDaGVhZGVyJTIwY2xhc3MlM0QlMjJoZWFkaW5nJTIwdGV4dC1jZW50ZXIlMjBhbmltYXRlZCUyMiUyMHN0eWxlJTNEJTIybWFyZ2luLXRvcCUzQTQwcHglMjIlMjBkYXRhLWFuaW1hdGlvbiUzRCUyMmZsaXBJblglMjIlMjBkYXRhLWRlbGF5JTNEJTIyMCUyMiUzRSUwQSUwOSUwOSUwOSUzQ2gyJTNFR2xpJTIwQXV0b21lenppJTNDJTJGaDIlM0UlMEElMDklMDklM0MlMkZoZWFkZXIlM0UlMEE=[\/vc_raw_html][\/vc_column][\/vc_row][vc_row][vc_column]<article class=\"parallex-section\" style=\"background-image:url();\">\r\n        <div class=\"container\">\r\n\t\t\t            <div class=\"col-md-3 col-sm-6 col-xs-12 animated\" data-animation=\"flipInX\" data-delay=\"200\">\r\n                <div class=\"portfolio-box\">\r\n                    <figure> <img loading=\"lazy\" decoding=\"async\" width=\"150\" height=\"150\" src=\"https:\/\/corpopompierimelide.ch\/wordpress\/wp-content\/uploads\/2016\/02\/autobotte2-150x150.gif\" class=\"attachment-thumbnail size-thumbnail wp-post-image\" alt=\"\" \/>                        <figcaption> \r\n\t\t\t\t\t\t\t<a title=\"Autobotte\" data-rel=\"prettyPhoto\" href=\"https:\/\/corpopompierimelide.ch\/wordpress\/wp-content\/uploads\/2016\/02\/autobotte2.gif \" class=\"zoom\">\r\n\t\t\t\t\t\t\t\t+\t\t\t\t\t\t\t<\/a> \r\n\t\t\t\t\t\t<\/figcaption>\r\n                    <\/figure>\r\n                    <div class=\"portfolio-detail\">\r\n                        <h4>Autobotte<\/h4>\r\n                        <p>Autobotte Mercedes 917 di propriet\u00e0 del Corpo Pompieri Melide. Ha un serbatoio di 2000 lt e dispone di una pompa tipo 2 Marca Hale-Godiva GL 2900 con una portata di 1500 lt a 8 bar. L&#8217;autobotte trasporta anche una vasca per elicottero con la capienza di 2500 lt, un generatore e una motopompa tipo 1.<\/p>\r\n                        <!--<a href=\"https:\/\/corpopompierimelide.ch\/wordpress\/sh_projects\/autobotte\/\" class=\"more-link\">+<\/a> -->                        \r\n                    <\/div>\r\n                <\/div>\r\n            <\/div>\r\n\t\t\t            <div class=\"col-md-3 col-sm-6 col-xs-12 animated\" data-animation=\"flipInX\" data-delay=\"400\">\r\n                <div class=\"portfolio-box\">\r\n                    <figure> <img loading=\"lazy\" decoding=\"async\" width=\"150\" height=\"150\" src=\"https:\/\/corpopompierimelide.ch\/wordpress\/wp-content\/uploads\/2016\/02\/sprinter2-150x150.gif\" class=\"attachment-thumbnail size-thumbnail wp-post-image\" alt=\"\" \/>                        <figcaption> \r\n\t\t\t\t\t\t\t<a title=\"Primo intervento\" data-rel=\"prettyPhoto\" href=\"https:\/\/corpopompierimelide.ch\/wordpress\/wp-content\/uploads\/2016\/02\/sprinter2.gif \" class=\"zoom\">\r\n\t\t\t\t\t\t\t\t+\t\t\t\t\t\t\t<\/a> \r\n\t\t\t\t\t\t<\/figcaption>\r\n                    <\/figure>\r\n                    <div class=\"portfolio-detail\">\r\n                        <h4>Primo intervento<\/h4>\r\n                        <p>Automezzo dotato dei principali attrezzi in grado di aiutare i militi in caso di primo soccorso: estintori, tubi di diverse grandezze, materiale per la segnaletica stradale, motosega, generatore, scala telescopica, apparecchi per la protezione della respirazione e materiale per inquinamento.<\/p>\r\n                        <!--<a href=\"https:\/\/corpopompierimelide.ch\/wordpress\/sh_projects\/primo-intervento-2\/\" class=\"more-link\">+<\/a> -->                        \r\n                    <\/div>\r\n                <\/div>\r\n            <\/div>\r\n\t\t\t            <div class=\"col-md-3 col-sm-6 col-xs-12 animated\" data-animation=\"flipInX\" data-delay=\"600\">\r\n                <div class=\"portfolio-box\">\r\n                    <figure> <img loading=\"lazy\" decoding=\"async\" width=\"150\" height=\"150\" src=\"https:\/\/corpopompierimelide.ch\/wordpress\/wp-content\/uploads\/2016\/02\/vw1-150x150.gif\" class=\"attachment-thumbnail size-thumbnail wp-post-image\" alt=\"\" \/>                        <figcaption> \r\n\t\t\t\t\t\t\t<a title=\"Primo intervento\" data-rel=\"prettyPhoto\" href=\"https:\/\/corpopompierimelide.ch\/wordpress\/wp-content\/uploads\/2016\/02\/vw1.gif \" class=\"zoom\">\r\n\t\t\t\t\t\t\t\t+\t\t\t\t\t\t\t<\/a> \r\n\t\t\t\t\t\t<\/figcaption>\r\n                    <\/figure>\r\n                    <div class=\"portfolio-detail\">\r\n                        <h4>Primo intervento<\/h4>\r\n                        <p>Volkswagen T5, sul quale sono a disposizione attrezzi di primo soccorso, come: estintori, condotte di vario diametro, materiale per la segnaletica stradale, una vasta cassetta per gli attrezzi, una scala a sfilo, apparecchi per la protezione della respirazione, un ventilatore e una telecamera termica. Questo veicolo \u00e8 stato acquistato grazie al contributo dei comuni convenzionati.<\/p>\r\n                        <!--<a href=\"https:\/\/corpopompierimelide.ch\/wordpress\/sh_projects\/primo-intervento\/\" class=\"more-link\">+<\/a> -->                        \r\n                    <\/div>\r\n                <\/div>\r\n            <\/div>\r\n\t\t\t            <div class=\"col-md-3 col-sm-6 col-xs-12 animated\" data-animation=\"flipInX\" data-delay=\"800\">\r\n                <div class=\"portfolio-box\">\r\n                    <figure> <img loading=\"lazy\" decoding=\"async\" width=\"1\" height=\"1\" src=\"https:\/\/corpopompierimelide.ch\/wordpress\/wp-content\/uploads\/2019\/11\/IMG_20191109_111956.jpg\" class=\"attachment-thumbnail size-thumbnail wp-post-image\" alt=\"\" \/>                        <figcaption> \r\n\t\t\t\t\t\t\t<a title=\"Comando\" data-rel=\"prettyPhoto\" href=\"https:\/\/corpopompierimelide.ch\/wordpress\/wp-content\/uploads\/2019\/11\/IMG_20191109_111956.jpg \" class=\"zoom\">\r\n\t\t\t\t\t\t\t\t+\t\t\t\t\t\t\t<\/a> \r\n\t\t\t\t\t\t<\/figcaption>\r\n                    <\/figure>\r\n                    <div class=\"portfolio-detail\">\r\n                        <h4>Comando<\/h4>\r\n                        <p>Veicolo dotato di un estintore, un triopan, una cassetta d&#8217;intervento, una pila di segnalazione, una pila d&#8217;illuminazione, una pila per triopan, una radio veicolare e portatile, un apparecchio per la protezione della respirazione per il Capo Intervento e una macchina fotografica digitale.<\/p>\r\n                        <!--<a href=\"https:\/\/corpopompierimelide.ch\/wordpress\/sh_projects\/comando\/\" class=\"more-link\">+<\/a> -->                        \r\n                    <\/div>\r\n                <\/div>\r\n            <\/div>\r\n\t\t\t        <\/div>\r\n    <\/article>\r\n[\/vc_column][\/vc_row][vc_row][vc_column]<article class=\"parallex-section\" style=\"background-image:url();\">\r\n        <div class=\"container\">\r\n\t\t\t            <div class=\"col-md-3 col-sm-6 col-xs-12 animated\" data-animation=\"flipInX\" data-delay=\"200\">\r\n                <div class=\"portfolio-box\">\r\n                    <figure> <img loading=\"lazy\" decoding=\"async\" width=\"150\" height=\"150\" src=\"https:\/\/corpopompierimelide.ch\/wordpress\/wp-content\/uploads\/2016\/02\/natante2-150x150.gif\" class=\"attachment-thumbnail size-thumbnail wp-post-image\" alt=\"\" \/>                        <figcaption> \r\n\t\t\t\t\t\t\t<a title=\"Natante\" data-rel=\"prettyPhoto\" href=\"https:\/\/corpopompierimelide.ch\/wordpress\/wp-content\/uploads\/2016\/02\/natante2.gif \" class=\"zoom\">\r\n\t\t\t\t\t\t\t\t+\t\t\t\t\t\t\t<\/a> \r\n\t\t\t\t\t\t<\/figcaption>\r\n                    <\/figure>\r\n                    <div class=\"portfolio-detail\">\r\n                        <h4>Natante<\/h4>\r\n                        <p>Il natante ricopre un ruolo d&#8217;appoggio fondamentale per tutti quei servizi di prevenzione agli incendi svolti durante le manifestazioni sulle rive del lago Ceresio, e come supporto diretto per casi di inquinamento delle acque del lago nelle zone del comprensorio.<\/p>\r\n                        <!--<a href=\"https:\/\/corpopompierimelide.ch\/wordpress\/sh_projects\/natante\/\" class=\"more-link\">+<\/a> -->                        \r\n                    <\/div>\r\n                <\/div>\r\n            <\/div>\r\n\t\t\t            <div class=\"col-md-3 col-sm-6 col-xs-12 animated\" data-animation=\"flipInX\" data-delay=\"400\">\r\n                <div class=\"portfolio-box\">\r\n                    <figure> <img loading=\"lazy\" decoding=\"async\" width=\"150\" height=\"150\" src=\"https:\/\/corpopompierimelide.ch\/wordpress\/wp-content\/uploads\/2016\/02\/pick3-150x150.gif\" class=\"attachment-thumbnail size-thumbnail wp-post-image\" alt=\"\" \/>                        <figcaption> \r\n\t\t\t\t\t\t\t<a title=\"Pickup\" data-rel=\"prettyPhoto\" href=\"https:\/\/corpopompierimelide.ch\/wordpress\/wp-content\/uploads\/2016\/02\/pick3.gif \" class=\"zoom\">\r\n\t\t\t\t\t\t\t\t+\t\t\t\t\t\t\t<\/a> \r\n\t\t\t\t\t\t<\/figcaption>\r\n                    <\/figure>\r\n                    <div class=\"portfolio-detail\">\r\n                        <h4>Pickup<\/h4>\r\n                        <p>Il Pickup \u00e8 impiegato per il trasporto del materiale ed il traino dei rimorchi. \u00c8 equipaggiato di un argano e di un braccio gru situato sul cassone posteriore. \u00c8 usato come supporto per il trasporto di materiale da lavoro o per il recupero di materiale di scarto al termine di un intervento.<\/p>\r\n                        <!--<a href=\"https:\/\/corpopompierimelide.ch\/wordpress\/sh_projects\/pickup\/\" class=\"more-link\">+<\/a> -->                        \r\n                    <\/div>\r\n                <\/div>\r\n            <\/div>\r\n\t\t\t            <div class=\"col-md-3 col-sm-6 col-xs-12 animated\" data-animation=\"flipInX\" data-delay=\"600\">\r\n                <div class=\"portfolio-box\">\r\n                    <figure> <img loading=\"lazy\" decoding=\"async\" width=\"150\" height=\"150\" src=\"https:\/\/corpopompierimelide.ch\/wordpress\/wp-content\/uploads\/2016\/02\/pioniere2-150x150.gif\" class=\"attachment-thumbnail size-thumbnail wp-post-image\" alt=\"\" \/>                        <figcaption> \r\n\t\t\t\t\t\t\t<a title=\"Pioniere\" data-rel=\"prettyPhoto\" href=\"https:\/\/corpopompierimelide.ch\/wordpress\/wp-content\/uploads\/2016\/02\/pioniere2.gif \" class=\"zoom\">\r\n\t\t\t\t\t\t\t\t+\t\t\t\t\t\t\t<\/a> \r\n\t\t\t\t\t\t<\/figcaption>\r\n                    <\/figure>\r\n                    <div class=\"portfolio-detail\">\r\n                        <h4>Pioniere<\/h4>\r\n                        <p>Il Pioniere \u00e9 dotato di tutti gli attrezzi utilizzati sia per interventi ben definiti, come per esempio incendi di canne fumarie, sia per interventi in cui sono necessari strumenti pi\u00f9 rudimentali, come per esempio motoseghe, pale, picconi, e altro materiale dal lavoro sul campo.<\/p>\r\n                        <!--<a href=\"https:\/\/corpopompierimelide.ch\/wordpress\/sh_projects\/pioniere\/\" class=\"more-link\">+<\/a> -->                        \r\n                    <\/div>\r\n                <\/div>\r\n            <\/div>\r\n\t\t\t            <div class=\"col-md-3 col-sm-6 col-xs-12 animated\" data-animation=\"flipInX\" data-delay=\"800\">\r\n                <div class=\"portfolio-box\">\r\n                    <figure> <img loading=\"lazy\" decoding=\"async\" width=\"150\" height=\"150\" src=\"https:\/\/corpopompierimelide.ch\/wordpress\/wp-content\/uploads\/2016\/04\/unimog-150x150.jpg\" class=\"attachment-thumbnail size-thumbnail wp-post-image\" alt=\"\" \/>                        <figcaption> \r\n\t\t\t\t\t\t\t<a title=\"Autobotte\" data-rel=\"prettyPhoto\" href=\"https:\/\/corpopompierimelide.ch\/wordpress\/wp-content\/uploads\/2016\/04\/unimog.jpg \" class=\"zoom\">\r\n\t\t\t\t\t\t\t\t+\t\t\t\t\t\t\t<\/a> \r\n\t\t\t\t\t\t<\/figcaption>\r\n                    <\/figure>\r\n                    <div class=\"portfolio-detail\">\r\n                        <h4>Autobotte<\/h4>\r\n                        <p>Autobotte Unimog, fornita nel 2012 dal Cantone. Ha un serbatoio di 1600 lt,e una pompa tipo 2 marca Rosenbauer con una portata di 2000 lt\/min ad una pressione massima di 10 bar. Essendo stata studiata e pensata da persone che lavorano sul campo questa autobotte \u00e8 fornita di ogni necessit\u00e0.<\/p>\r\n                        <!--<a href=\"https:\/\/corpopompierimelide.ch\/wordpress\/sh_projects\/autobotte-2\/\" class=\"more-link\">+<\/a> -->                        \r\n                    <\/div>\r\n                <\/div>\r\n            <\/div>\r\n\t\t\t        <\/div>\r\n    <\/article>\r\n[\/vc_column][\/vc_row][vc_row][vc_column]<article class=\"parallex-section\" style=\"background-image:url();\">\r\n        <div class=\"container\">\r\n\t\t\t            <div class=\"col-md-3 col-sm-6 col-xs-12 animated\" data-animation=\"flipInX\" data-delay=\"200\">\r\n                <div class=\"portfolio-box\">\r\n                    <figure> <img loading=\"lazy\" decoding=\"async\" width=\"150\" height=\"150\" src=\"https:\/\/corpopompierimelide.ch\/wordpress\/wp-content\/uploads\/2023\/10\/20230925_201644-150x150.jpg\" class=\"attachment-thumbnail size-thumbnail wp-post-image\" alt=\"\" \/>                        <figcaption> \r\n\t\t\t\t\t\t\t<a title=\"VW T6 Pikup\" data-rel=\"prettyPhoto\" href=\"https:\/\/corpopompierimelide.ch\/wordpress\/wp-content\/uploads\/2023\/10\/20230925_201644.jpg \" class=\"zoom\">\r\n\t\t\t\t\t\t\t\t+\t\t\t\t\t\t\t<\/a> \r\n\t\t\t\t\t\t<\/figcaption>\r\n                    <\/figure>\r\n                    <div class=\"portfolio-detail\">\r\n                        <h4>VW T6 Pikup<\/h4>\r\n                        <p>Veicolo VW T6 4&#215;4 Pickup \u00e8 impiegato per il trasporto di militi (6 posti a sedere) e del materiale come pure per il traino di rimorchi. \u00c8 usato prevalentemente per il supporto alle prime partenze.<\/p>\r\n                        <!--<a href=\"https:\/\/corpopompierimelide.ch\/wordpress\/sh_projects\/unita-nautica-pl-11\/\" class=\"more-link\">+<\/a> -->                        \r\n                    <\/div>\r\n                <\/div>\r\n            <\/div>\r\n\t\t\t            <div class=\"col-md-3 col-sm-6 col-xs-12 animated\" data-animation=\"flipInX\" data-delay=\"400\">\r\n                <div class=\"portfolio-box\">\r\n                    <figure> <img loading=\"lazy\" decoding=\"async\" width=\"150\" height=\"150\" src=\"https:\/\/corpopompierimelide.ch\/wordpress\/wp-content\/uploads\/2016\/03\/pompieri_melide_17-150x150.jpg\" class=\"attachment-thumbnail size-thumbnail wp-post-image\" alt=\"\" \/>                        <figcaption> \r\n\t\t\t\t\t\t\t<a title=\"Veicolo d&#8217;appoggio\" data-rel=\"prettyPhoto\" href=\"https:\/\/corpopompierimelide.ch\/wordpress\/wp-content\/uploads\/2016\/03\/pompieri_melide_17.jpg \" class=\"zoom\">\r\n\t\t\t\t\t\t\t\t+\t\t\t\t\t\t\t<\/a> \r\n\t\t\t\t\t\t<\/figcaption>\r\n                    <\/figure>\r\n                    <div class=\"portfolio-detail\">\r\n                        <h4>Veicolo d&#8217;appoggio<\/h4>\r\n                        <p>Il veicolo Smart \u00e8 stato donato a tutti i corpi di secondo gruppo dal Touring Club Svizzero nell&#8217;anno 2003. Un veicolo piccolo nelle dimensioni ma molto utile nella pratica per muoversi con facilit\u00e0 nell&#8217;intero comprensorio.<\/p>\r\n                        <!--<a href=\"https:\/\/corpopompierimelide.ch\/wordpress\/sh_projects\/trasporto-uomini-2\/\" class=\"more-link\">+<\/a> -->                        \r\n                    <\/div>\r\n                <\/div>\r\n            <\/div>\r\n\t\t\t            <div class=\"col-md-3 col-sm-6 col-xs-12 animated\" data-animation=\"flipInX\" data-delay=\"600\">\r\n                <div class=\"portfolio-box\">\r\n                    <figure> <img loading=\"lazy\" decoding=\"async\" width=\"150\" height=\"150\" src=\"https:\/\/corpopompierimelide.ch\/wordpress\/wp-content\/uploads\/2016\/02\/trasporto2-150x150.gif\" class=\"attachment-thumbnail size-thumbnail wp-post-image\" alt=\"\" \/>                        <figcaption> \r\n\t\t\t\t\t\t\t<a title=\"Trasporto uomini\" data-rel=\"prettyPhoto\" href=\"https:\/\/corpopompierimelide.ch\/wordpress\/wp-content\/uploads\/2016\/02\/trasporto2.gif \" class=\"zoom\">\r\n\t\t\t\t\t\t\t\t+\t\t\t\t\t\t\t<\/a> \r\n\t\t\t\t\t\t<\/figcaption>\r\n                    <\/figure>\r\n                    <div class=\"portfolio-detail\">\r\n                        <h4>Trasporto uomini<\/h4>\r\n                        <p>Questo veicolo \u00e9 stato consegnato al Corpo Pompieri Melide nel 1999 dalle autorit\u00e0 del Cantone Ticino, che di fatto ha sostituito il mitico Volkswagen consegnato ai corpi di secondo gruppo nel lontano 1972. Un veicolo multifunzionale utile in svariate situazioni come trasporto uomini ma non solo.<\/p>\r\n                        <!--<a href=\"https:\/\/corpopompierimelide.ch\/wordpress\/sh_projects\/trasporto-uomini\/\" class=\"more-link\">+<\/a> -->                        \r\n                    <\/div>\r\n                <\/div>\r\n            <\/div>\r\n\t\t\t            <div class=\"col-md-3 col-sm-6 col-xs-12 animated\" data-animation=\"flipInX\" data-delay=\"800\">\r\n                <div class=\"portfolio-box\">\r\n                    <figure> <img loading=\"lazy\" decoding=\"async\" width=\"150\" height=\"150\" src=\"https:\/\/corpopompierimelide.ch\/wordpress\/wp-content\/uploads\/2016\/02\/landrover1-150x150.gif\" class=\"attachment-thumbnail size-thumbnail wp-post-image\" alt=\"\" \/>                        <figcaption> \r\n\t\t\t\t\t\t\t<a title=\"Storici\" data-rel=\"prettyPhoto\" href=\"https:\/\/corpopompierimelide.ch\/wordpress\/wp-content\/uploads\/2016\/02\/landrover1.gif \" class=\"zoom\">\r\n\t\t\t\t\t\t\t\t+\t\t\t\t\t\t\t<\/a> \r\n\t\t\t\t\t\t<\/figcaption>\r\n                    <\/figure>\r\n                    <div class=\"portfolio-detail\">\r\n                        <h4>Storici<\/h4>\r\n                        <p>Ricevuto nel lontano 1961, il Land Rover \u00e8 un veicolo massiccio nella struttura e carismatico nella forma. Ancora oggi viene utilizzato per piccole commissioni interne al corpo, perfettamente funzionante e&#8217; in grado di garantire affidabilit\u00e0 e sicurezza.<\/p>\r\n                        <!--<a href=\"https:\/\/corpopompierimelide.ch\/wordpress\/sh_projects\/storici\/\" class=\"more-link\">+<\/a> -->                        \r\n                    <\/div>\r\n                <\/div>\r\n            <\/div>\r\n\t\t\t        <\/div>\r\n    <\/article>\r\n[\/vc_column][\/vc_row]<\/p>\n<\/div>","protected":false},"excerpt":{"rendered":"<p>[vc_row][vc_column][vc_raw_html]JTNDaGVhZGVyJTIwY2xhc3MlM0QlMjJoZWFkaW5nJTIwdGV4dC1jZW50ZXIlMjBhbmltYXRlZCUyMiUyMHN0eWxlJTNEJTIybWFyZ2luLXRvcCUzQTQwcHglMjIlMjBkYXRhLWFuaW1hdGlvbiUzRCUyMmZsaXBJblglMjIlMjBkYXRhLWRlbGF5JTNEJTIyMCUyMiUzRSUwQSUwOSUwOSUwOSUzQ2gyJTNFR2xpJTIwQXV0b21lenppJTNDJTJGaDIlM0UlMEElMDklMDklM0MlMkZoZWFkZXIlM0UlMEE=[\/vc_raw_html][\/vc_column][\/vc_row][vc_row][vc_column][\/vc_column][\/vc_row][vc_row][vc_column][\/vc_column][\/vc_row][vc_row][vc_column][\/vc_column][\/vc_row]<\/p>\n","protected":false},"author":2,"featured_media":0,"parent":0,"menu_order":0,"comment_status":"closed","ping_status":"closed","template":"tpl-vc.php","meta":{"footnotes":""},"class_list":["post-387","page","type-page","status-publish","hentry"],"_links":{"self":[{"href":"https:\/\/corpopompierimelide.ch\/wordpress\/wp-json\/wp\/v2\/pages\/387","targetHints":{"allow":["GET"]}}],"collection":[{"href":"https:\/\/corpopompierimelide.ch\/wordpress\/wp-json\/wp\/v2\/pages"}],"about":[{"href":"https:\/\/corpopompierimelide.ch\/wordpress\/wp-json\/wp\/v2\/types\/page"}],"author":[{"embeddable":true,"href":"https:\/\/corpopompierimelide.ch\/wordpress\/wp-json\/wp\/v2\/users\/2"}],"replies":[{"embeddable":true,"href":"https:\/\/corpopompierimelide.ch\/wordpress\/wp-json\/wp\/v2\/comments?post=387"}],"version-history":[{"count":1,"href":"https:\/\/corpopompierimelide.ch\/wordpress\/wp-json\/wp\/v2\/pages\/387\/revisions"}],"predecessor-version":[{"id":615,"href":"https:\/\/corpopompierimelide.ch\/wordpress\/wp-json\/wp\/v2\/pages\/387\/revisions\/615"}],"wp:attachment":[{"href":"https:\/\/corpopompierimelide.ch\/wordpress\/wp-json\/wp\/v2\/media?parent=387"}],"curies":[{"name":"wp","href":"https:\/\/api.w.org\/{rel}","templated":true}]}}